{"id":42,"date":"2026-04-25T13:39:50","date_gmt":"2026-04-25T13:39:50","guid":{"rendered":"https:\/\/bal.promo-as.pl\/?page_id=42"},"modified":"2026-04-25T15:14:04","modified_gmt":"2026-04-25T15:14:04","slug":"strona-glowna","status":"publish","type":"page","link":"https:\/\/bal.promo-as.pl\/","title":{"rendered":"STRONA G\u0141\u00d3WNA"},"content":{"rendered":"<p>[et_pb_section fb_built=&#8221;1&#8243; _builder_version=&#8221;4.27.5&#8243; _module_preset=&#8221;default&#8221; background_color=&#8221;#ffffff&#8221; background_image=&#8221;https:\/\/bal.promo-as.pl\/wp-content\/uploads\/2026\/04\/TLO.png&#8221; top_divider_style=&#8221;asymmetric2&#8243; top_divider_color=&#8221;#000000&#8243; global_colors_info=&#8221;{}&#8221;][et_pb_row _builder_version=&#8221;4.27.5&#8243; _module_preset=&#8221;default&#8221; global_colors_info=&#8221;{}&#8221;][et_pb_column type=&#8221;4_4&#8243; _builder_version=&#8221;4.27.5&#8243; _module_preset=&#8221;default&#8221; global_colors_info=&#8221;{}&#8221;][dfadh_heading_anim fancy_text_anim=&#8221;type-letter-slide&#8221; title_prefix=&#8221;Wiecz\u00f3r&#8221; fency_text_list=&#8221;%91{%22value%22:%22pe\u0142en%22,%22checked%22:0,%22dragID%22:-1}%93&#8243; title_suffix=&#8221;nadziei&#8221; _builder_version=&#8221;4.27.5&#8243; _module_preset=&#8221;default&#8221; title_text_align=&#8221;center&#8221; title_text_color=&#8221;#FFFFFF&#8221; title_font_size=&#8221;40px&#8221; t_prefix_font=&#8221;Barlow Condensed||||||||&#8221; t_infix_font=&#8221;Barlow Condensed|800|||||||&#8221; t_infix_text_color=&#8221;#ffffff&#8221; t_infix_font_size=&#8221;79px&#8221; t_suffix_font=&#8221;Barlow Condensed||||||||&#8221; hover_enabled=&#8221;0&#8243; global_colors_info=&#8221;{}&#8221; custom_margin=&#8221;||16px|||&#8221; sticky_enabled=&#8221;0&#8243;][\/dfadh_heading_anim][et_pb_countdown_timer title=&#8221;19 wrze\u015bnia 2026   Hotel Mercure Toru\u0144&#8221; date_time=&#8221;2026-09-19 14:59&#8243; _builder_version=&#8221;4.27.5&#8243; _module_preset=&#8221;default&#8221; hover_enabled=&#8221;0&#8243; sticky_enabled=&#8221;0&#8243; label_text_color=&#8221;#FFFFFF&#8221; background_color=&#8221;RGBA(255,255,255,0)&#8221; text_shadow_style=&#8221;preset3&#8243; text_shadow_color=&#8221;#FFFFFF&#8221; header_font=&#8221;Barlow|||on|||||&#8221; header_text_color=&#8221;#FFFFFF&#8221; header_text_shadow_style=&#8221;preset3&#8243; header_text_shadow_color=&#8221;#000000&#8243; numbers_text_shadow_style=&#8221;preset3&#8243; separator_text_color=&#8221;#FFFFFF&#8221; custom_padding=&#8221;0px|||||&#8221;][\/et_pb_countdown_timer][\/et_pb_column][\/et_pb_row][et_pb_row _builder_version=&#8221;4.27.5&#8243; _module_preset=&#8221;default&#8221; global_colors_info=&#8221;{}&#8221; custom_padding=&#8221;0px|||||&#8221;][et_pb_column type=&#8221;4_4&#8243; _builder_version=&#8221;4.27.5&#8243; _module_preset=&#8221;default&#8221; global_colors_info=&#8221;{}&#8221;][et_pb_text _builder_version=&#8221;4.27.5&#8243; _module_preset=&#8221;default&#8221; text_font=&#8221;Baloo Paaji 2||||||||&#8221; text_text_color=&#8221;#FFFFFF&#8221; text_font_size=&#8221;16px&#8221; text_orientation=&#8221;justified&#8221; text_text_shadow_style=&#8221;preset2&#8243; global_colors_info=&#8221;{}&#8221; custom_margin=&#8221;-31px|||||&#8221;]<\/p>\n<p style=\"text-align: center;\">To wyj\u0105tkowe wydarzenie charytatywne, kt\u00f3re \u0142\u0105czy elegancj\u0119, spotkania ludzi o wielkich sercach oraz realn\u0105 pomoc potrzebuj\u0105cym.<\/p>\n<p style=\"text-align: center;\">To wiecz\u00f3r otwarty dla wszystkich \u2013 zar\u00f3wno dla przedstawicieli biznesu, lokalnych lider\u00f3w, jak i os\u00f3b, kt\u00f3re chc\u0105 sp\u0119dzi\u0107 wyj\u0105tkowy czas, jednocze\u015bnie wspieraj\u0105c szczytny cel.<\/p>\n<p style=\"text-align: center;\">Celem wydarzenia jest wsparcie dzia\u0142a\u0144 prowadzonych przez Fundacja Hospicjum Nadzieja, kt\u00f3re od 30 lat nios\u0105 pomoc dzieciom wymagaj\u0105cym specjalistycznego wsparcia oraz ich rodzinom.<\/p>\n<p style=\"text-align: center;\">W programie wieczoru przewidziano uroczyst\u0105 kolacj\u0119, cz\u0119\u015b\u0107 taneczn\u0105, aukcj\u0119 charytatywn\u0105 (licytacj\u0119 g\u0142o\u015bn\u0105 i cich\u0105) oraz loteri\u0119 niespodzianek. Ka\u017cdy z tych element\u00f3w to nie tylko wyj\u0105tkowe do\u015bwiadczenie dla uczestnik\u00f3w, ale przede wszystkim realne wsparcie dla podopiecznych.<\/p>\n<p style=\"text-align: center;\">Doch\u00f3d z wydarzenia zostanie przeznaczony na rozw\u00f3j terapii, wsparcie specjalistyczne oraz popraw\u0119 jako\u015bci \u017cycia dzieci i ich rodzin<\/p>\n<p>[\/et_pb_text][\/et_pb_column][\/et_pb_row][et_pb_row _builder_version=&#8221;4.27.5&#8243; _module_preset=&#8221;default&#8221; global_colors_info=&#8221;{}&#8221;][et_pb_column type=&#8221;4_4&#8243; _builder_version=&#8221;4.27.5&#8243; _module_preset=&#8221;default&#8221; global_colors_info=&#8221;{}&#8221;][difl_dual_button btn_left_icon_color=&#8221;1&#8243; btn_left_icon_placement=&#8221;left&#8221; btn_right_icon_color=&#8221;1&#8243; btn_right_icon_placement=&#8221;left&#8221; left_button=&#8221;ZOBACZ PROGRAM BALU&#8221; left_button_url=&#8221;@ET-DC@eyJkeW5hbWljIjp0cnVlLCJjb250ZW50IjoicG9zdF9saW5rX3VybF9wYWdlIiwic2V0dGluZ3MiOnsicG9zdF9pZCI6IjI5In19@&#8221; right_button=&#8221;KUP BILET NA BAL&#8221; right_button_url=&#8221;@ET-DC@eyJkeW5hbWljIjp0cnVlLCJjb250ZW50IjoicG9zdF9saW5rX3VybF9wYWdlIiwic2V0dGluZ3MiOnsicG9zdF9pZCI6IjMyIn19@&#8221; alignment=&#8221;center&#8221; _builder_version=&#8221;4.27.5&#8243; _dynamic_attributes=&#8221;left_button_url,right_button_url&#8221; _module_preset=&#8221;default&#8221; left_button_font=&#8221;|600|||||||&#8221; left_button_text_color=&#8221;#E09900&#8243; right_button_font=&#8221;|600|||||||&#8221; right_button_text_color=&#8221;#E09900&#8243; left_button_text_shadow_style=&#8221;preset3&#8243; left_button_text_shadow_color=&#8221;#000000&#8243; right_button_text_shadow_style=&#8221;preset3&#8243; global_colors_info=&#8221;{}&#8221;][\/difl_dual_button][\/et_pb_column][\/et_pb_row][\/et_pb_section]<\/p>\n","protected":false},"excerpt":{"rendered":"<p><div class=\"et_pb_module dfadh_heading_anim dfadh_heading_anim_0\">\n\t\t\t\t\n\t\t\t\t\n\t\t\t\t\n\t\t\t\t\n\t\t\t\t\n\t\t\t\t\n\t\t\t\t<div class=\"et_pb_module_inner\">\n\t\t\t\t\t<div class=\"df-anim-heading-container\">\r\n                <h4 class=\"headline-animation letter type-letter-slide\" data-anmi='{\"transition_type\":\"letter\",\"animation_type\":\"type-letter-slide\",\"delay\":500,\"duration\":1000,\"easing\":\"none\",\"mass\":1,\"stiffness\":80,\"damping\":10,\"velocity\":0}' ><span class=\"prefix\">Wiecz\u00f3r<\/span> <span class=\"infix words-wrapper\"><span class=\"is-visible\"><span class=\"in\">p<\/span><span class=\"in\">e<\/span><span class=\"in\">\u0142<\/span><span class=\"in\">e<\/span><span class=\"in\">n<\/span><\/span><\/span> <span class=\"suffix\">nadziei<\/span><\/h4>\r\n            <\/div>\n\t\t\t\t<\/div>\n\t\t\t<\/div>To wyj\u0105tkowe wydarzenie charytatywne, kt\u00f3re \u0142\u0105czy elegancj\u0119, spotkania ludzi o wielkich sercach oraz realn\u0105 pomoc potrzebuj\u0105cym. To wiecz\u00f3r otwarty dla wszystkich \u2013 zar\u00f3wno dla przedstawicieli biznesu, lokalnych lider\u00f3w, jak i os\u00f3b, kt\u00f3re chc\u0105 sp\u0119dzi\u0107 [&hellip;]<\/p>\n","protected":false},"author":1,"featured_media":0,"parent":0,"menu_order":0,"comment_status":"closed","ping_status":"closed","template":"page-template-fullwidth.php","meta":{"_et_pb_use_builder":"on","_et_pb_old_content":"","_et_gb_content_width":"","footnotes":""},"difl_page_category":[],"class_list":["post-42","page","type-page","status-publish","hentry"],"_links":{"self":[{"href":"https:\/\/bal.promo-as.pl\/wp-json\/wp\/v2\/pages\/42","targetHints":{"allow":["GET"]}}],"collection":[{"href":"https:\/\/bal.promo-as.pl\/wp-json\/wp\/v2\/pages"}],"about":[{"href":"https:\/\/bal.promo-as.pl\/wp-json\/wp\/v2\/types\/page"}],"author":[{"embeddable":true,"href":"https:\/\/bal.promo-as.pl\/wp-json\/wp\/v2\/users\/1"}],"replies":[{"embeddable":true,"href":"https:\/\/bal.promo-as.pl\/wp-json\/wp\/v2\/comments?post=42"}],"version-history":[{"count":13,"href":"https:\/\/bal.promo-as.pl\/wp-json\/wp\/v2\/pages\/42\/revisions"}],"predecessor-version":[{"id":111,"href":"https:\/\/bal.promo-as.pl\/wp-json\/wp\/v2\/pages\/42\/revisions\/111"}],"wp:attachment":[{"href":"https:\/\/bal.promo-as.pl\/wp-json\/wp\/v2\/media?parent=42"}],"wp:term":[{"taxonomy":"difl_page_category","embeddable":true,"href":"https:\/\/bal.promo-as.pl\/wp-json\/wp\/v2\/difl_page_category?post=42"}],"curies":[{"name":"wp","href":"https:\/\/api.w.org\/{rel}","templated":true}]}}